{"id":2339,"date":"2023-03-09T14:29:42","date_gmt":"2023-03-09T14:29:42","guid":{"rendered":"https:\/\/libraries.mit.edu\/akdc\/?page_id=2339"},"modified":"2023-03-09T14:29:42","modified_gmt":"2023-03-09T14:29:42","slug":"turkish-documenting-heritage-destruction-from-the-turkey-syria-earthquake","status":"publish","type":"page","link":"https:\/\/libraries.mit.edu\/akdc\/turkish-documenting-heritage-destruction-from-the-turkey-syria-earthquake\/","title":{"rendered":"Turkish-Documenting Heritage Destruction from the Turkey-Syria Earthquake"},"content":{"rendered":"<p><b>T\u00fcrkiye-Suriye Depremi\u2019nde Ya\u015fanan K\u00fclt\u00fcrel Miras Alanlar\u0131ndaki Y\u0131k\u0131m\u0131n Belgelenmesi<\/b><\/p>\n<p><span style=\"font-weight: 400\">T\u00fcrkiye ve Suriye&#8217;nin b\u00fcy\u00fck bir b\u00f6l\u00fcm\u00fcn\u00fc sarsan korkun\u00e7 depremde hayat\u0131n\u0131 kaybedenlerin say\u0131s\u0131, her an artmaya devam ediyor. <\/span><a href=\"https:\/\/www.reuters.com\/world\/middle-east\/earthquake-death-toll-surpasses-50000-turkey-syria-2023-02-24\/\"><span style=\"font-weight: 400\">Yaralanan <\/span><\/a><span style=\"font-weight: 400\">ve evsiz kalanlar\u0131n say\u0131s\u0131 ise bunun kat kat fazlas\u0131. Pek \u00e7ok \u00e7ocuk ailesini kaybetti ve bak\u0131ma muhta\u00e7 durumda. Ya\u015fananlara \u2018y\u00fcrekler ac\u0131s\u0131 bir felaket!\u2019 demek bile yetersiz kal\u0131yor.<\/span><\/p>\n<p><span style=\"font-weight: 400\">\u0130nsani ihtiya\u00e7lar\u0131n kar\u015f\u0131lanmas\u0131n\u0131n \u00f6ncelikli oldu\u011fu bu d\u00f6nemde, sizleri g\u00fcvendi\u011finiz kurulu\u015flar arac\u0131l\u0131\u011f\u0131yla, yard\u0131m \u00e7abalar\u0131n\u0131 desteklemeye davet ediyoruz. Bu sayfada, <\/span><a href=\"https:\/\/the.akdn\/en\/resources-media\/whats-new\/press-release\/mobilising-aid-in-syria-after-the-quake\"><span style=\"font-weight: 400\">Agha Khan Development Network arac\u0131l\u0131\u011f\u0131yla<\/span><\/a><span style=\"font-weight: 400\">, uluslararas\u0131 yard\u0131m kurulu\u015flar\u0131n\u0131n bir listesi bulabilirsiniz.<\/span><\/p>\n<p><span style=\"font-weight: 400\">\u00a0<\/span><span style=\"font-weight: 400\">Ya\u015fanan felaketten sonra insani yard\u0131m zorunludur ve \u00f6nceliktir; ancak etkilenen b\u00f6lgenin k\u00fclt\u00fcrel miras a\u00e7\u0131s\u0131ndan ne kadar zengin oldu\u011funu hat\u0131rlad\u0131\u011f\u0131m\u0131zda felaketin korkun\u00e7 boyutlar\u0131 katlanarak art\u0131yor. Depremden etkilenen b\u00f6lgede en az dokuz UNESCO D\u00fcnya Miras\u0131 Alan\u0131, pek \u00e7ok ba\u015fka k\u00fclt\u00fcrel miras alan\u0131 ve tarihi yap\u0131 bulunuyor. K\u00fclt\u00fcrel miras alanlar\u0131ndaki t\u00fcm hasar\u0131n sistematik \u015fekilde ele al\u0131nmas\u0131 ancak uzun zaman sonra m\u00fcmk\u00fcn olacakt\u0131r. Bu s\u00fcre zarf\u0131nda, MIT Agha Khan Dok\u00fcmantasyon Merkezi (AKDC@MIT) olarak, hasar g\u00f6rm\u00fc\u015f veya y\u0131k\u0131lm\u0131\u015f k\u00fclt\u00fcrel miras alanlar\u0131 hakk\u0131ndaki bilgileri kay\u0131t alt\u0131na almak ve b\u00f6lgenin zengin miras\u0131n\u0131 hat\u0131rlatacak bir <\/span><a href=\"https:\/\/www.archnet.org\/collections\/2618\"><span style=\"font-weight: 400\">Archnet koleksiyonu<\/span><\/a><span style=\"font-weight: 400\"> olu\u015fturmak istiyoruz.<\/span><\/p>\n<p><span style=\"font-weight: 400\">\u00a0<\/span><span style=\"font-weight: 400\">Depremde hasar g\u00f6ren veya y\u0131k\u0131lan k\u00fclt\u00fcrel miras alanlar\u0131 hakk\u0131ndaki temel bilgileri ve y\u0131k\u0131m\u0131 belgeleyen g\u00f6rsel malzemeleri bizimle payla\u015fman\u0131z i\u00e7in a\u00e7\u0131k \u00e7a\u011fr\u0131da bulunuyoruz. K\u0131sa bir <\/span><a href=\"https:\/\/forms.gle\/nVXNQ8CPAERFmZjH6\"><span style=\"font-weight: 400\">form<\/span><\/a><span style=\"font-weight: 400\"> doldurarak Archnet&#8217;i g\u00fcncel tutmam\u0131za, k\u00fclt\u00fcrel miras alanlar\u0131 ve ta\u015f\u0131d\u0131klar\u0131 riskler hakk\u0131nda fark\u0131ndal\u0131k yaratmam\u0131za yard\u0131mc\u0131 olabilirsiniz. T\u00fcm bildirileri kamuya a\u00e7\u0131k hale getirmeden \u00f6nce teyit etmemiz gerekti\u011finden, bildirinizin Archnet&#8217;te yay\u0131nlanmas\u0131n\u0131n zaman alaca\u011f\u0131n\u0131 hat\u0131rlatmak isteriz.<\/span><\/p>\n<p><span style=\"font-weight: 400\">Katk\u0131lar\u0131n\u0131z i\u00e7in \u015fimdiden te\u015fekk\u00fcr ederiz!<\/span><\/p>\n","protected":false},"excerpt":{"rendered":"<p>T\u00fcrkiye-Suriye Depremi\u2019nde Ya\u015fanan K\u00fclt\u00fcrel Miras Alanlar\u0131ndaki Y\u0131k\u0131m\u0131n Belgelenmesi T\u00fcrkiye ve Suriye&#8217;nin b\u00fcy\u00fck bir b\u00f6l\u00fcm\u00fcn\u00fc sarsan korkun\u00e7 depremde hayat\u0131n\u0131 kaybedenlerin say\u0131s\u0131, her an artmaya devam ediyor. Yaralanan ve evsiz kalanlar\u0131n say\u0131s\u0131 ise bunun kat kat fazlas\u0131. Pek \u00e7ok \u00e7ocuk ailesini kaybetti ve bak\u0131ma muhta\u00e7 durumda. Ya\u015fananlara \u2018y\u00fcrekler ac\u0131s\u0131 bir felaket!\u2019 demek bile yetersiz kal\u0131yor. \u0130nsani ihtiya\u00e7lar\u0131n kar\u015f\u0131lanmas\u0131n\u0131n \u00f6ncelikli oldu\u011fu bu d\u00f6nemde, sizleri g\u00fcvendi\u011finiz kurulu\u015flar arac\u0131l\u0131\u011f\u0131yla, yard\u0131m \u00e7abalar\u0131n\u0131 desteklemeye davet ediyoruz. Bu sayfada, Agha Khan Development Network arac\u0131l\u0131\u011f\u0131yla, uluslararas\u0131 yard\u0131m kurulu\u015flar\u0131n\u0131n bir listesi bulabilirsiniz. \u00a0Ya\u015fanan felaketten sonra insani yard\u0131m zorunludur ve \u00f6nceliktir; ancak etkilenen b\u00f6lgenin k\u00fclt\u00fcrel miras a\u00e7\u0131s\u0131ndan ne kadar zengin oldu\u011funu [&hellip;]<\/p>\n","protected":false},"author":1,"featured_media":2325,"parent":0,"menu_order":0,"comment_status":"closed","ping_status":"closed","template":"templates\/page.php","meta":{"footnotes":""},"class_list":["post-2339","page","type-page","status-publish","has-post-thumbnail","hentry"],"acf":[],"_links":{"self":[{"href":"https:\/\/libraries.mit.edu\/akdc\/wp-json\/wp\/v2\/pages\/2339","targetHints":{"allow":["GET"]}}],"collection":[{"href":"https:\/\/libraries.mit.edu\/akdc\/wp-json\/wp\/v2\/pages"}],"about":[{"href":"https:\/\/libraries.mit.edu\/akdc\/wp-json\/wp\/v2\/types\/page"}],"author":[{"embeddable":true,"href":"https:\/\/libraries.mit.edu\/akdc\/wp-json\/wp\/v2\/users\/1"}],"replies":[{"embeddable":true,"href":"https:\/\/libraries.mit.edu\/akdc\/wp-json\/wp\/v2\/comments?post=2339"}],"version-history":[{"count":1,"href":"https:\/\/libraries.mit.edu\/akdc\/wp-json\/wp\/v2\/pages\/2339\/revisions"}],"predecessor-version":[{"id":2340,"href":"https:\/\/libraries.mit.edu\/akdc\/wp-json\/wp\/v2\/pages\/2339\/revisions\/2340"}],"wp:featuredmedia":[{"embeddable":true,"href":"https:\/\/libraries.mit.edu\/akdc\/wp-json\/wp\/v2\/media\/2325"}],"wp:attachment":[{"href":"https:\/\/libraries.mit.edu\/akdc\/wp-json\/wp\/v2\/media?parent=2339"}],"curies":[{"name":"wp","href":"https:\/\/api.w.org\/{rel}","templated":true}]}}